{"id":1989,"date":"2011-12-10T18:53:39","date_gmt":"2011-12-10T18:53:39","guid":{"rendered":"http:\/\/www.nyalatravel.com\/wordpress\/?page_id=1989"},"modified":"2012-05-07T18:13:28","modified_gmt":"2012-05-07T18:13:28","slug":"nyala-wonder-travel","status":"publish","type":"page","link":"https:\/\/itourriviera.it\/fr\/nyala-wonder-travel\/","title":{"rendered":"Nyala Wonder Travel"},"content":{"rendered":"<h4><strong>La soci\u00e9t\u00e9 Nyala Wonder Travel a \u00e9t\u00e9 cr\u00e9\u00e9e \u00e0 San Remo<\/strong> en 2001, pour r\u00e9pondre aux nouvelles exigences visant \u00e0 un tourisme \u00e0 la fois moderne et conscient des sp\u00e9cificit\u00e9s du territoire ligure et de la C\u00f4te d\u2019Azur toute proche.<!--more--><\/h4>\n<p>Nous proposons donc suggestions, conseils, informations et r\u00e9servations \u00e0 une client\u00e8le exigeante \u00e0 la recherche de s\u00e9jours enrichissants, d\u2019exp\u00e9riences et d\u2019\u00e9motions.<\/p>\n<p>Les services que nous proposons se sont diversifi\u00e9s au fil des ans, et notre activit\u00e9 s&rsquo;\u00e9tend d\u00e9sormais au Pi\u00e9mont, \u00e0 la Toscane et \u00e0 toute l&rsquo;Italie.<\/p>\n<p><strong>Nous pouvons fournir des informations et effectuer des r\u00e9servations pour les services suivants :<\/strong><\/p>\n<table border=\"0\" cellspacing=\"0\" cellpadding=\"5\">\n<tbody>\n<tr>\n<td width=\"300px\">\n<ul>\n<li>h\u00f4tels, bed and breakfast,<br \/>\nagrotourismes, appartements<\/li>\n<li>restaurants et soir\u00e9es de gala<\/li>\n<li>guides et accompagnateurs touristiques<\/li>\n<\/ul>\n<\/td>\n<td>\n<ul>\n<li>circuits<\/li>\n<li>organisation d\u2019\u00e9v\u00e8nements<\/li>\n<li>organisation de meetings et de congr\u00e8s<\/li>\n<li>\u00e9v\u00e8nements sp\u00e9ciaux<\/li>\n<\/ul>\n<\/td>\n<\/tr>\n<\/tbody>\n<\/table>\n<p>Notre politique a \u00e9t\u00e9 de ne pas c\u00e9der au tourisme de masse impersonnel, ce qui nous am\u00e8ne \u00e0 d\u00e9velopper en permanence de nouveaux projets pour r\u00e9pondre aux attentes d&rsquo;une client\u00e8le cibl\u00e9e.<\/p>\n<p>En ce qui concerne le tourisme organis\u00e9 et les groupes, nous proposons depuis 2001 notre programme <strong><a href=\"https:\/\/www.rivieradivina.it\/\">Riviera Divina<\/a><\/strong>, qui s&rsquo;inspire des meilleures traditions du r\u00e9gime mediterran\u00e9en, vous fait percevoir la brise marine quand on le feuillette, et lib\u00e8re des parfums de fleurs et d&rsquo;herbes aromatiques.<\/p>\n<p>Le climat temp\u00e9r\u00e9 de notre r\u00e9gion convient tr\u00e8s bien aux sports de plein air. Nous aurons bient\u00f4t une impressionnante piste cyclable \u00e0 pic sur la mer. En pr\u00e9vision de cet \u00e9v\u00e8nement, nous avons cr\u00e9\u00e9 le site\u00a0<a href=\"https:\/\/www.rivierabiking.it\/\" target=\"_blank\"><strong>Riviera Biking<\/strong> <\/a>o\u00f9 les fans de v\u00e9lo et de sports en plein air pourront trouver toutes sortes d&rsquo;informations utiles.<\/p>\n<p>En 2009, nous avons aussi lanc\u00e9 le programme<a href=\"https:\/\/weddings.rivieradivina.it\" target=\"_blank\"> <strong>Riviera Divina Weddings<\/strong><\/a>, qui propose aux couples souhaitant organiser leur mariage sur la Riviera des sites d\u2019exception, ainsi que \u00a0tous les services utiles \u00e0 la c\u00e9l\u00e9bration d\u2019un mariage civil ou religieux.<\/p>\n<p><strong><a title=\"Meeting e Convegni a Sanremo\" href=\"https:\/\/www.visitsanremo.it\" target=\"_blank\">Visit Sanremo<\/a> <\/strong>est le dernier-n\u00e9 parmi nos programmes. Il est d\u00e9di\u00e9 aux entreprises et aux associations qui souhaitent organiser une r\u00e9union, une conf\u00e9rence ou un congr\u00e8s \u00e0 San Remo.<\/p>\n<p>Notre agence co-organise plusieurs \u00e9v\u00e9nements importants dans le panorama touristique de la Ligurie:<\/p>\n<ul>\n<li><a title=\"Festival du tango de San Remo\" href=\"https:\/\/www.festivaldeltango.it\/\" target=\"_blank\">Festival del Tango di Sanremo<\/a><\/li>\n<li><a title=\"Festival du Jeu d'\u00e9checs de San Remo\" href=\"https:\/\/www.sanremoscacchi.com\/\" target=\"_blank\">Festival degli Scacchi di Sanremo<\/a><\/li>\n<li><a title=\"Course amateur Milan - San Remo\" href=\"https:\/\/www.milano-sanremo.org\/\" target=\"_blank\">La Gran Fondo Milano \u2013 Sanremo amatoriale<\/a><\/li>\n<li><a title=\"festival musical Tchaikovsky\" href=\"https:\/\/www.festivaltchaikovsky.com\/\" target=\"_blank\">Festival musicale L\u2019Impero di Tchaikovsky<\/a><\/li>\n<\/ul>\n<p>Nyala Wonder Travel fait partie du consortium touristique Riviera Holidays, et est membre de Fiavet et du Club Italia Enit.<\/p>\n","protected":false},"excerpt":{"rendered":"<p>La soci\u00e9t\u00e9 Nyala Wonder Travel a \u00e9t\u00e9 cr\u00e9\u00e9e \u00e0 San Remo en 2001, pour r\u00e9pondre aux nouvelles exigences visant \u00e0 un tourisme \u00e0 la fois moderne et conscient des sp\u00e9cificit\u00e9s du territoire ligure et de la C\u00f4te d\u2019Azur toute proche.<\/p>\n","protected":false},"author":1,"featured_media":0,"parent":0,"menu_order":0,"comment_status":"closed","ping_status":"open","template":"","meta":{"_acf_changed":false,"_et_pb_use_builder":"","_et_pb_old_content":"","_et_gb_content_width":"","footnotes":""},"class_list":["post-1989","page","type-page","status-publish","hentry"],"acf":[],"psp_head":"<title>NYALA WONDER TRAVEL nouveau tour-op\u00e9rateur Ligurie Langhe Cinque Terre Portofino Genes San Remo \u2013 itour RIVIERA |  ITALIAN AND FRENCH RIVIERA DAY TOURS<\/title>\r\n<meta name=\"description\" content=\"NYALA WONDER TRAVEL est un nouveau tour-op\u00e9rateur sp\u00e9cialis\u00e9 dans la Ligurie, la Riviera des Fleurs et Langhe.\" \/>\r\n<meta name=\"robots\" content=\"index,follow\" \/>\r\n<link rel=\"canonical\" href=\"https:\/\/itourriviera.it\/fr\/nyala-wonder-travel\/\" \/>\r\n","_links":{"self":[{"href":"https:\/\/itourriviera.it\/fr\/wp-json\/wp\/v2\/pages\/1989","targetHints":{"allow":["GET"]}}],"collection":[{"href":"https:\/\/itourriviera.it\/fr\/wp-json\/wp\/v2\/pages"}],"about":[{"href":"https:\/\/itourriviera.it\/fr\/wp-json\/wp\/v2\/types\/page"}],"author":[{"embeddable":true,"href":"https:\/\/itourriviera.it\/fr\/wp-json\/wp\/v2\/users\/1"}],"replies":[{"embeddable":true,"href":"https:\/\/itourriviera.it\/fr\/wp-json\/wp\/v2\/comments?post=1989"}],"version-history":[{"count":7,"href":"https:\/\/itourriviera.it\/fr\/wp-json\/wp\/v2\/pages\/1989\/revisions"}],"predecessor-version":[{"id":4304,"href":"https:\/\/itourriviera.it\/fr\/wp-json\/wp\/v2\/pages\/1989\/revisions\/4304"}],"wp:attachment":[{"href":"https:\/\/itourriviera.it\/fr\/wp-json\/wp\/v2\/media?parent=1989"}],"curies":[{"name":"wp","href":"https:\/\/api.w.org\/{rel}","templated":true}]}}