{"id":1991,"date":"2011-12-10T18:54:37","date_gmt":"2011-12-10T18:54:37","guid":{"rendered":"http:\/\/www.nyalatravel.com\/wordpress\/?page_id=1991"},"modified":"2011-12-10T18:54:37","modified_gmt":"2011-12-10T18:54:37","slug":"nyala-wonder-travel","status":"publish","type":"page","link":"https:\/\/itourriviera.it\/de\/nyala-wonder-travel\/","title":{"rendered":"Nyala Wonder Travel"},"content":{"rendered":"<h4><strong>Nyala Wonder Travel\u201d entstand 2001 in Sanremo<\/strong>, um ersten Forderungen nach einem neuartigen, verantwortungsvollen Tourismus gerecht zu werden, der die charakteristischen Orte Liguriens und der nahen C\u00f4te d\u2019Azur zum Ziel hat.<!--more--><\/h4>\n<p>Seitdem bieten wir Anregungen, Rat, Informationen und Reservierungen f\u00fcr eine anspruchsvolle Kundschaft, die erlebnisreiche und aufregende Ferien erwartet. So entstand unser\u00a0<strong>Katalog<\/strong>\u00a0<a href=\"https:\/\/www.rivieradivina.com\/index_d.asp\" target=\"_blank\"><strong><span style=\"text-decoration: underline;\">Riviera Divina<\/span><\/strong><\/a>\u00a0(G\u00f6ttliche Riviera), der die besten Traditionen der Mittelmeerdi\u00e4t aufgreift und bereits beim Durchbl\u00e4ttern eine sanfte Meeresbrise ahnen l\u00e4sst, die nach Wildblumen und aromatischen Kr\u00e4utern duftet.<\/p>\n<p>Die Angebotspalette ist mit unserer zunehmenden Erfahrung gewachsen, so dass sich unser Einzugsgebiet im Laufe der Jahre auf das Piemont, die Toskana und schlie\u00dflich auf ganz Italien ausgedehnt hat.<\/p>\n<p><strong>Inzwischen k\u00f6nnen wir Ihnen folgende Informationen und Buchungen anbieten:<\/strong><\/p>\n<ul type=\"DISC\">\n<li>Hotels, Bed &amp; Breakfast, Ferien in landwirtschaftlichen Betrieben, Ferienwohnungen<\/li>\n<li>Restaurants und Gala-Abende<\/li>\n<li>Fremdenf\u00fchrer und Reisebegleiter<\/li>\n<li>Zubringerdienste<\/li>\n<li>Organisation von incentives<\/li>\n<li>Organisation von Kongressen und Meetings<\/li>\n<li>Besondere Veranstaltungen<\/li>\n<\/ul>\n<p>Die Entscheidung gegen den undifferenzierten Massentourismus l\u00e4sst uns st\u00e4ndig neue Angebote entwickeln, die den klar umrissenen, gehobenen Anspr\u00fcchen einer kleinen Kundengruppe entgegen kommen.<\/p>\n<p>Unsere Umgebung ist dank des ganzj\u00e4hrig milden Klimas ideal f\u00fcr Sport unter freiem Himmel geeignet, und bald wird es hier einen herrlichen Radweg direkt am Meer entlang geben. Daher haben wir die Internetseite\u00a0<a href=\"https:\/\/www.rivierabiking.it\/de\/\" target=\"_blank\"><strong><span style=\"text-decoration: underline;\">Riviera Biking<\/span><\/strong><\/a>\u00a0eingerichtet, wo Sie alles Wissenswerte f\u00fcr Radsportbegeisterte finden k\u00f6nnen.<\/p>\n<p>Nyala Wonder Travel geh\u00f6rt zur Vereinigung Riviera Holidays, ist Fiavet-Mitglied und geh\u00f6rt zum Club Italia Enit, um ein g\u00fcnstiges Preis-Leistungsverh\u00e4ltnis anbieten zu k\u00f6nnen.<\/p>\n<p>Wir warten auf Ihre Anfragen! Wenn Sie eigenh\u00e4ndig Hotels oder Pauschalangebote reservieren m\u00f6chten, so k\u00f6nnen Sie das selbstverst\u00e4ndlich \u00fcber unsere online-Reservierungssysteme tun.<\/p>\n<p>P.S. Diese Internetseite ist noch im Aufbau. Wir bitten um Entschuldigung, falls noch nicht alle Bereiche komplett zug\u00e4nglich sind.<\/p>\n","protected":false},"excerpt":{"rendered":"<p>Nyala Wonder Travel\u201d entstand 2001 in Sanremo, um ersten Forderungen nach einem neuartigen, verantwortungsvollen Tourismus gerecht zu werden, der die charakteristischen Orte Liguriens und der nahen C\u00f4te d\u2019Azur zum Ziel hat.<\/p>\n","protected":false},"author":1,"featured_media":0,"parent":0,"menu_order":0,"comment_status":"closed","ping_status":"open","template":"","meta":{"_acf_changed":false,"_et_pb_use_builder":"","_et_pb_old_content":"","_et_gb_content_width":"","footnotes":""},"class_list":["post-1991","page","type-page","status-publish","hentry"],"acf":[],"psp_head":"<title>NYALA WONDER TRAVEL incoming tour operator : Blumenriviera Ligurien Langhe Franzosische Riviera : Cinque Terre Portofino Genova Alassio San Remo Monte-Carlo Nizza Cannes \u2013 itour RIVIERA |  ITALIAN AND FRENCH RIVIERA DAY TOURS<\/title>\r\n<meta name=\"description\" content=\"NYALA WONDER TRAVEL ein Tour Operator der auf Ligurien, die Heidegegend Piemonts und Cote d&#039;Azur spezialisiert ist.\" \/>\r\n<meta name=\"robots\" content=\"index,follow\" \/>\r\n<link rel=\"canonical\" href=\"https:\/\/itourriviera.it\/de\/nyala-wonder-travel\/\" \/>\r\n","_links":{"self":[{"href":"https:\/\/itourriviera.it\/de\/wp-json\/wp\/v2\/pages\/1991","targetHints":{"allow":["GET"]}}],"collection":[{"href":"https:\/\/itourriviera.it\/de\/wp-json\/wp\/v2\/pages"}],"about":[{"href":"https:\/\/itourriviera.it\/de\/wp-json\/wp\/v2\/types\/page"}],"author":[{"embeddable":true,"href":"https:\/\/itourriviera.it\/de\/wp-json\/wp\/v2\/users\/1"}],"replies":[{"embeddable":true,"href":"https:\/\/itourriviera.it\/de\/wp-json\/wp\/v2\/comments?post=1991"}],"version-history":[{"count":2,"href":"https:\/\/itourriviera.it\/de\/wp-json\/wp\/v2\/pages\/1991\/revisions"}],"predecessor-version":[{"id":4171,"href":"https:\/\/itourriviera.it\/de\/wp-json\/wp\/v2\/pages\/1991\/revisions\/4171"}],"wp:attachment":[{"href":"https:\/\/itourriviera.it\/de\/wp-json\/wp\/v2\/media?parent=1991"}],"curies":[{"name":"wp","href":"https:\/\/api.w.org\/{rel}","templated":true}]}}