{"id":18062,"date":"2024-06-05T12:23:53","date_gmt":"2024-06-05T12:23:53","guid":{"rendered":"https:\/\/beta.itourriviera.it\/wer-wir-sind\/"},"modified":"2024-06-05T12:23:55","modified_gmt":"2024-06-05T12:23:55","slug":"wer-wir-sind","status":"publish","type":"page","link":"https:\/\/itourriviera.it\/de\/wer-wir-sind\/","title":{"rendered":"Wer wir sind"},"content":{"rendered":"<p>[et_pb_section fb_built=&#8220;1&#8243; theme_builder_area=&#8220;post_content&#8220; _builder_version=&#8220;4.25.1&#8243; _module_preset=&#8220;default&#8220;][et_pb_row _builder_version=&#8220;4.25.1&#8243; _module_preset=&#8220;default&#8220; theme_builder_area=&#8220;post_content&#8220;][et_pb_column _builder_version=&#8220;4.25.1&#8243; _module_preset=&#8220;default&#8220; type=&#8220;4_4&#8243; theme_builder_area=&#8220;post_content&#8220;][et_pb_text _builder_version=&#8220;4.25.1&#8243; _module_preset=&#8220;default&#8220; theme_builder_area=&#8220;post_content&#8220; hover_enabled=&#8220;0&#8243; sticky_enabled=&#8220;0&#8243;]<\/p>\n<h2>Unsere Destination Management Company ist seit 2001 im Incoming-Bereich in Italien, S\u00fcdfrankreich und dem F\u00fcrstentum Monaco t\u00e4tig.\u00a0<\/h2>\n<h2>Wir stehen Ihnen zur Verf\u00fcgung, um die gesamte Palette von Dienstleistungen im Zusammenhang mit der Organisation von Einzel- und Gruppenreisen, Firmentreffen und Kongressen sowie Sportveranstaltungen und Hochzeiten zu verwalten.<\/h2>\n<p>[\/et_pb_text][\/et_pb_column][\/et_pb_row][et_pb_row _builder_version=&#8220;4.25.1&#8243; _module_preset=&#8220;default&#8220; column_structure=&#8220;1_2,1_2&#8243; theme_builder_area=&#8220;post_content&#8220;][et_pb_column _builder_version=&#8220;4.25.1&#8243; _module_preset=&#8220;default&#8220; type=&#8220;1_2&#8243; theme_builder_area=&#8220;post_content&#8220;][et_pb_text _builder_version=&#8220;4.25.1&#8243; _module_preset=&#8220;default&#8220; theme_builder_area=&#8220;post_content&#8220; hover_enabled=&#8220;0&#8243; sticky_enabled=&#8220;0&#8243;]<\/p>\n<p><strong>Wir sind spezialisiert auf die italienische und franz\u00f6sische Riviera, wo wir alle Geheimnisse kennen!<\/strong><\/p>\n<p>Es gibt viele Gr\u00fcnde, eine Reise nach Ligurien und an die C\u00f4te d&#8217;Azur zu unternehmen: das milde Klima, die botanischen G\u00e4rten und Blumen der Riviera, die kulinarischen und weinbaulichen Sch\u00e4tze und D\u00fcfte des Hinterlandes, die Weltoffenheit der ber\u00fchmtesten Urlaubsorte sowie eine Reihe von erstklassigen Dienstleistungen: Hotels, Restaurants, Museen, Weinkeller und \u00d6lm\u00fchlen.<\/p>\n<p><strong>Unsere St\u00e4rke ist, dass wir nur das Gebiet anbieten, in dem wir leben. Der Mehrwert unserer Dienstleistung ist unsere jahrzehntelange Erfahrung im Empfang von Touristen aus aller Welt in unserem Land.<\/strong><\/p>\n<p>[\/et_pb_text][\/et_pb_column][et_pb_column _builder_version=&#8220;4.25.1&#8243; _module_preset=&#8220;default&#8220; type=&#8220;1_2&#8243; theme_builder_area=&#8220;post_content&#8220;][et_pb_blurb _builder_version=&#8220;4.25.1&#8243; _module_preset=&#8220;default&#8220; theme_builder_area=&#8220;post_content&#8220; title=&#8220;MASSGESCHNEIDERTE REISEPAKETE F\u00dcR EINZELPERSONEN UND GRUPPEN&#8220; use_icon=&#8220;on&#8220; font_icon=&#8220;&#xf101;||fa||900&#8243; hover_enabled=&#8220;0&#8243; sticky_enabled=&#8220;0&#8243; icon_placement=&#8220;left&#8220; image_icon_width=&#8220;40px&#8220;][\/et_pb_blurb][et_pb_blurb _builder_version=&#8220;4.25.1&#8243; _module_preset=&#8220;default&#8220; theme_builder_area=&#8220;post_content&#8220; title=&#8220;ORGANISATION VON FIRMENTREFFEN UND -KONGRESSEN, INCENTIVES UND TEAMBUILDINGS&#8220; use_icon=&#8220;on&#8220; font_icon=&#8220;&#xf101;||fa||900&#8243; hover_enabled=&#8220;0&#8243; sticky_enabled=&#8220;0&#8243; icon_placement=&#8220;left&#8220; image_icon_width=&#8220;40px&#8220;][\/et_pb_blurb][et_pb_blurb _builder_version=&#8220;4.25.1&#8243; _module_preset=&#8220;default&#8220; theme_builder_area=&#8220;post_content&#8220; title=&#8220;HOCHZEITS- UND EVENTPLANER&#8220; use_icon=&#8220;on&#8220; font_icon=&#8220;&#xf101;||fa||900&#8243; hover_enabled=&#8220;0&#8243; sticky_enabled=&#8220;0&#8243; icon_placement=&#8220;left&#8220; image_icon_width=&#8220;40px&#8220;][\/et_pb_blurb][et_pb_blurb _builder_version=&#8220;4.25.1&#8243; _module_preset=&#8220;default&#8220; theme_builder_area=&#8220;post_content&#8220; title=&#8220;ORGANISATION VON SPORTVERANSTALTUNGEN&#8220; use_icon=&#8220;on&#8220; font_icon=&#8220;&#xf101;||fa||900&#8243; hover_enabled=&#8220;0&#8243; sticky_enabled=&#8220;0&#8243; icon_placement=&#8220;left&#8220; image_icon_width=&#8220;40px&#8220;][\/et_pb_blurb][\/et_pb_column][\/et_pb_row][et_pb_row _builder_version=&#8220;4.25.1&#8243; _module_preset=&#8220;default&#8220; theme_builder_area=&#8220;post_content&#8220;][et_pb_column _builder_version=&#8220;4.25.1&#8243; _module_preset=&#8220;default&#8220; type=&#8220;4_4&#8243; theme_builder_area=&#8220;post_content&#8220;][\/et_pb_column][\/et_pb_row][et_pb_row _builder_version=&#8220;4.25.1&#8243; _module_preset=&#8220;default&#8220; theme_builder_area=&#8220;post_content&#8220;][et_pb_column _builder_version=&#8220;4.25.1&#8243; _module_preset=&#8220;default&#8220; type=&#8220;4_4&#8243; theme_builder_area=&#8220;post_content&#8220;][et_pb_text _builder_version=&#8220;4.25.1&#8243; _module_preset=&#8220;default&#8220; theme_builder_area=&#8220;post_content&#8220; hover_enabled=&#8220;0&#8243; sticky_enabled=&#8220;0&#8243;]<\/p>\n<h2>Unsere Spezialisierung ist nicht ein bestimmtes Marktsegment, sondern ein Reiseziel, das von Ligurien bis zum Piemont, von Monaco und der C\u00f4te d&#8217;Azur bis zur Provence reicht.<\/h2>\n<p>[\/et_pb_text][\/et_pb_column][\/et_pb_row][et_pb_row _builder_version=&#8220;4.25.1&#8243; _module_preset=&#8220;default&#8220; column_structure=&#8220;1_5,1_5,1_5,1_5,1_5&#8243; theme_builder_area=&#8220;post_content&#8220;][et_pb_column _builder_version=&#8220;4.25.1&#8243; _module_preset=&#8220;default&#8220; type=&#8220;1_5&#8243; theme_builder_area=&#8220;post_content&#8220;][et_pb_blurb _builder_version=&#8220;4.25.1&#8243; _module_preset=&#8220;default&#8220; theme_builder_area=&#8220;post_content&#8220; hover_enabled=&#8220;0&#8243; sticky_enabled=&#8220;0&#8243; title=&#8220;LIGURIEN&#8220; use_icon=&#8220;on&#8220; font_icon=&#8220;&#xf3c5;||fa||900&#8243; image_icon_width=&#8220;40px&#8220; text_orientation=&#8220;center&#8220;][\/et_pb_blurb][\/et_pb_column][et_pb_column _builder_version=&#8220;4.25.1&#8243; _module_preset=&#8220;default&#8220; type=&#8220;1_5&#8243; theme_builder_area=&#8220;post_content&#8220;][et_pb_blurb _builder_version=&#8220;4.25.1&#8243; _module_preset=&#8220;default&#8220; theme_builder_area=&#8220;post_content&#8220; hover_enabled=&#8220;0&#8243; sticky_enabled=&#8220;0&#8243; title=&#8220;PIEDMONT&#8220; use_icon=&#8220;on&#8220; font_icon=&#8220;&#xf3c5;||fa||900&#8243; image_icon_width=&#8220;40px&#8220; text_orientation=&#8220;center&#8220;][\/et_pb_blurb][\/et_pb_column][et_pb_column _builder_version=&#8220;4.25.1&#8243; _module_preset=&#8220;default&#8220; type=&#8220;1_5&#8243; theme_builder_area=&#8220;post_content&#8220;][et_pb_blurb _builder_version=&#8220;4.25.1&#8243; _module_preset=&#8220;default&#8220; theme_builder_area=&#8220;post_content&#8220; hover_enabled=&#8220;0&#8243; sticky_enabled=&#8220;0&#8243; title=&#8220;F\u00dcRSTENTUM MONACO&#8220; use_icon=&#8220;on&#8220; font_icon=&#8220;&#xf3c5;||fa||900&#8243; image_icon_width=&#8220;40px&#8220; text_orientation=&#8220;center&#8220;][\/et_pb_blurb][\/et_pb_column][et_pb_column _builder_version=&#8220;4.25.1&#8243; _module_preset=&#8220;default&#8220; type=&#8220;1_5&#8243; theme_builder_area=&#8220;post_content&#8220;][et_pb_blurb _builder_version=&#8220;4.25.1&#8243; _module_preset=&#8220;default&#8220; theme_builder_area=&#8220;post_content&#8220; hover_enabled=&#8220;0&#8243; sticky_enabled=&#8220;0&#8243; title=&#8220;FRANZ\u00d6SISCHES RIVIERA&#8220; use_icon=&#8220;on&#8220; font_icon=&#8220;&#xf3c5;||fa||900&#8243; image_icon_width=&#8220;40px&#8220; text_orientation=&#8220;center&#8220;][\/et_pb_blurb][\/et_pb_column][et_pb_column _builder_version=&#8220;4.25.1&#8243; _module_preset=&#8220;default&#8220; type=&#8220;1_5&#8243; theme_builder_area=&#8220;post_content&#8220;][et_pb_blurb _builder_version=&#8220;4.25.1&#8243; _module_preset=&#8220;default&#8220; theme_builder_area=&#8220;post_content&#8220; hover_enabled=&#8220;0&#8243; sticky_enabled=&#8220;0&#8243; title=&#8220;PROVENCE&#8220; use_icon=&#8220;on&#8220; font_icon=&#8220;&#xf3c5;||fa||900&#8243; image_icon_width=&#8220;40px&#8220; text_orientation=&#8220;center&#8220;][\/et_pb_blurb][\/et_pb_column][\/et_pb_row][\/et_pb_section]<\/p>\n","protected":false},"excerpt":{"rendered":"<p>Unsere Destination Management Company ist seit 2001 im Incoming-Bereich in Italien, S\u00fcdfrankreich und dem F\u00fcrstentum Monaco t\u00e4tig. <\/p>\n","protected":false},"author":24,"featured_media":18040,"parent":0,"menu_order":0,"comment_status":"closed","ping_status":"closed","template":"","meta":{"_acf_changed":false,"_et_pb_use_builder":"on","_et_pb_old_content":"","_et_gb_content_width":"","footnotes":""},"class_list":["post-18062","page","type-page","status-publish","has-post-thumbnail","hentry"],"acf":[],"psp_head":"<title>Wer wir sind \u2013 itour RIVIERA |  ITALIAN AND FRENCH RIVIERA DAY TOURS<\/title>\r\n<meta name=\"description\" content=\"[et_pb_section fb_built=&quot;1&quot; theme_builder_area=&quot;post_content&quot; _builder_version=&quot;4.25.1&quot; _module_preset=&quot;default&quot;][et_pb_row _builder_version=&quot;4.25.1&quot; _module_preset=&quot;default&quot; theme_builder_area=&quot;post_content&quot;][et_pb_column _builder_version=&quot;4.\" \/>\r\n<meta name=\"robots\" content=\"index,follow\" \/>\r\n<link rel=\"canonical\" href=\"https:\/\/itourriviera.it\/de\/wer-wir-sind\/\" \/>\r\n","_links":{"self":[{"href":"https:\/\/itourriviera.it\/de\/wp-json\/wp\/v2\/pages\/18062","targetHints":{"allow":["GET"]}}],"collection":[{"href":"https:\/\/itourriviera.it\/de\/wp-json\/wp\/v2\/pages"}],"about":[{"href":"https:\/\/itourriviera.it\/de\/wp-json\/wp\/v2\/types\/page"}],"author":[{"embeddable":true,"href":"https:\/\/itourriviera.it\/de\/wp-json\/wp\/v2\/users\/24"}],"replies":[{"embeddable":true,"href":"https:\/\/itourriviera.it\/de\/wp-json\/wp\/v2\/comments?post=18062"}],"version-history":[{"count":2,"href":"https:\/\/itourriviera.it\/de\/wp-json\/wp\/v2\/pages\/18062\/revisions"}],"predecessor-version":[{"id":18064,"href":"https:\/\/itourriviera.it\/de\/wp-json\/wp\/v2\/pages\/18062\/revisions\/18064"}],"wp:featuredmedia":[{"embeddable":true,"href":"https:\/\/itourriviera.it\/de\/wp-json\/wp\/v2\/media\/18040"}],"wp:attachment":[{"href":"https:\/\/itourriviera.it\/de\/wp-json\/wp\/v2\/media?parent=18062"}],"curies":[{"name":"wp","href":"https:\/\/api.w.org\/{rel}","templated":true}]}}